{"id":940,"date":"2018-12-16T14:13:07","date_gmt":"2018-12-16T14:13:07","guid":{"rendered":"http:\/\/kioomars-musayyebi.com\/?page_id=940"},"modified":"2025-09-03T18:03:22","modified_gmt":"2025-09-03T18:03:22","slug":"nouruz-ensemble","status":"publish","type":"page","link":"https:\/\/kioomars-musayyebi.com\/en\/projekte\/nouruz-ensemble\/","title":{"rendered":"Nouruz Ensemble"},"content":{"rendered":"<div data-elementor-type=\"wp-page\" data-elementor-id=\"940\" class=\"elementor elementor-940\" data-elementor-post-type=\"page\">\n\t\t\t\t<div class=\"elementor-element elementor-element-66213f7 e-flex e-con-boxed e-con e-parent\" data-id=\"66213f7\" data-element_type=\"container\" data-e-type=\"container\">\n\t\t\t\t\t<div class=\"e-con-inner\">\n\t\t\t\t<div class=\"elementor-element elementor-element-6902530 elementor-widget elementor-widget-heading\" data-id=\"6902530\" data-element_type=\"widget\" data-e-type=\"widget\" data-widget_type=\"heading.default\">\n\t\t\t\t\t<h4 class=\"elementor-heading-title elementor-size-default\">Nouruz Ensemble<\/h4>\t\t\t\t<\/div>\n\t\t\t\t\t<\/div>\n\t\t\t\t<\/div>\n\t\t<div class=\"elementor-element elementor-element-bbd17f9 e-flex e-con-boxed e-con e-parent\" data-id=\"bbd17f9\" data-element_type=\"container\" data-e-type=\"container\">\n\t\t\t\t\t<div class=\"e-con-inner\">\n\t\t\t\t<div class=\"elementor-element elementor-element-ccfb824 elementor-widget elementor-widget-image\" data-id=\"ccfb824\" data-element_type=\"widget\" data-e-type=\"widget\" data-widget_type=\"image.default\">\n\t\t\t\t\t\t\t\t\t\t\t\t\t\t\t<img fetchpriority=\"high\" decoding=\"async\" width=\"2560\" height=\"1707\" src=\"https:\/\/kioomars-musayyebi.com\/wp-content\/uploads\/2023\/12\/827A5406-scaled.jpg\" class=\"attachment-medium_large size-medium_large wp-image-8032\" alt=\"Nouruz Ensemble\" srcset=\"https:\/\/kioomars-musayyebi.com\/wp-content\/uploads\/2023\/12\/827A5406-scaled.jpg 2560w, https:\/\/kioomars-musayyebi.com\/wp-content\/uploads\/2023\/12\/827A5406-300x200.jpg 300w, https:\/\/kioomars-musayyebi.com\/wp-content\/uploads\/2023\/12\/827A5406-1024x683.jpg 1024w, https:\/\/kioomars-musayyebi.com\/wp-content\/uploads\/2023\/12\/827A5406-150x100.jpg 150w, https:\/\/kioomars-musayyebi.com\/wp-content\/uploads\/2023\/12\/827A5406-1536x1024.jpg 1536w, https:\/\/kioomars-musayyebi.com\/wp-content\/uploads\/2023\/12\/827A5406-2048x1365.jpg 2048w, https:\/\/kioomars-musayyebi.com\/wp-content\/uploads\/2023\/12\/827A5406-600x400.jpg 600w, https:\/\/kioomars-musayyebi.com\/wp-content\/uploads\/2023\/12\/827A5406-1200x800.jpg 1200w\" sizes=\"(max-width: 2560px) 100vw, 2560px\" \/>\t\t\t\t\t\t\t\t\t\t\t\t\t\t\t<\/div>\n\t\t\t\t\t<\/div>\n\t\t\t\t<\/div>\n\t\t<div class=\"elementor-element elementor-element-7aebaee e-flex e-con-boxed e-con e-parent\" data-id=\"7aebaee\" data-element_type=\"container\" data-e-type=\"container\">\n\t\t\t\t\t<div class=\"e-con-inner\">\n\t\t\t\t<div class=\"elementor-element elementor-element-5099639e elementor-widget elementor-widget-text-editor\" data-id=\"5099639e\" data-element_type=\"widget\" data-e-type=\"widget\" data-widget_type=\"text-editor.default\">\n\t\t\t\t\t\t\t\t\t\n<p>Das Nouruz-Ensemble besteht aus vier Virtuosen alter orientalischer Instrumente aus dem Nahen und Mittleren Osten. Alle vier Musiker studierten an den Musikhochschulen ihrer Heimatst\u00e4dte, in Bagdad, und Teheran.<\/p>\n\n<p>Heute leben sie in Deutschland und arbeiten als freiberufliche Musiker.\u00a0Sie spielen nicht ausschlie\u00dflich orientalische Musik, sondern haben in Deutschland viel ausprobiert und mit Gruppen unterschiedlichster Musikrichtungen zusammengespielt. Sie alle komponieren auch eigene Werke, in denen die Erfahrung des kulturellen Kontakts zum Ausdruck kommt. F\u00fcr die Gr\u00fcndung des Nouruz-Ensembles hat Bassem Hawar lange nach Musikern gesucht, die seine Einstellung zur orientalischen Musik teilen.<\/p>\n\n<p>Die besten Virtuosen, die heute die uralten Instrumente noch beherrschen und spielen, leben fast alle im Exil. Die Musiker des Nouruz-Ensembles mussten ihre L\u00e4nder verlassen. Sie empfinden das Exil aber l\u00e4ngst nicht mehr nur als Last, sondern als Chance. Sie haben im Instrumentenbau experimentiert und die urspr\u00fcnglichen M\u00f6glichkeiten ihrer Instrumente erweitert. Ihre Kompositionen spiegeln einen neuen Blick auf die eigene Kultur ebenso wie Eindr\u00fccke und Erfahrungen aus der neuen europ\u00e4ischen Heimat. Ihre Lebenssituation ist sicher nicht vergleichbar mit jener der K\u00fcnstler am Hof des Kalifen von Bagdad, aber wieder ist es der kulturelle Kontakt, der die Kreativit\u00e4t anregt, wieder erm\u00f6glicht die Vermischung verschiedener Einfl\u00fcsse die Entstehung von Neuem.<\/p>\n\n<p>Kerngruppe des Nouruz-Ensemble sind die vier orientalischen Musiker, die die Musik auch schreiben. In immer neuen Programmen werden G\u00e4ste hinzu gebeten, die unterschiedlichen Kulturkreisen angeh\u00f6ren und verschiedene musikalische Stilrichtungen vertreten.<\/p>\n\n<p class=\"has-text-align-center\"><a href=\"https:\/\/www.bassemhawar.com\">Bassem Hawar<\/a> \u2013 Djoze<\/p>\n\n<p class=\"has-text-align-center\"><a title=\"Kioomars Musayyebi\" href=\"https:\/\/kioomars-musayyebi.com\/en\/\">Kioomars Musayyebi<\/a> \u2013 Santur<\/p>\n\n<p class=\"has-text-align-center\"><a href=\"https:\/\/rageedwilliam.com\">Rageed William<\/a> \u2013 Nai<\/p>\n\n<p class=\"has-text-align-center\"><a href=\"https:\/\/www.rezasamani.com\/aktuell\">Reza Samani<\/a> \u2013 Perkussion<\/p>\n\t\t\t\t\t\t\t\t<\/div>\n\t\t\t\t\t<\/div>\n\t\t\t\t<\/div>\n\t\t<div class=\"elementor-element elementor-element-f8f29d5 e-flex e-con-boxed e-con e-parent\" data-id=\"f8f29d5\" data-element_type=\"container\" data-e-type=\"container\">\n\t\t\t\t\t<div class=\"e-con-inner\">\n\t\t\t\t<div class=\"elementor-element elementor-element-427b48f elementor-align-center elementor-widget elementor-widget-button\" data-id=\"427b48f\" data-element_type=\"widget\" data-e-type=\"widget\" data-widget_type=\"button.default\">\n\t\t\t\t\t\t\t\t\t\t<a class=\"elementor-button elementor-button-link elementor-size-sm\" href=\"https:\/\/www.nouruzensemble.de\/\">\n\t\t\t\t\t\t<span class=\"elementor-button-content-wrapper\">\n\t\t\t\t\t\t\t\t\t<span class=\"elementor-button-text\">More info<\/span>\n\t\t\t\t\t<\/span>\n\t\t\t\t\t<\/a>\n\t\t\t\t\t\t\t\t<\/div>\n\t\t\t\t\t<\/div>\n\t\t\t\t<\/div>\n\t\t<div class=\"elementor-element elementor-element-542376b e-flex e-con-boxed e-con e-parent\" data-id=\"542376b\" data-element_type=\"container\" data-e-type=\"container\">\n\t\t\t\t\t<div class=\"e-con-inner\">\n\t\t\t\t<div class=\"elementor-element elementor-element-6f05cca elementor-shape-rounded elementor-grid-0 e-grid-align-center elementor-widget elementor-widget-social-icons\" data-id=\"6f05cca\" data-element_type=\"widget\" data-e-type=\"widget\" data-widget_type=\"social-icons.default\">\n\t\t\t\t\t\t\t<div class=\"elementor-social-icons-wrapper elementor-grid\" role=\"list\">\n\t\t\t\t\t\t\t<span class=\"elementor-grid-item\" role=\"listitem\">\n\t\t\t\t\t<a class=\"elementor-icon elementor-social-icon elementor-social-icon-facebook elementor-repeater-item-f8e9512\" href=\"https:\/\/www.facebook.com\/nouruzensemble\" target=\"_blank\">\n\t\t\t\t\t\t<span class=\"elementor-screen-only\">Facebook<\/span>\n\t\t\t\t\t\t<svg aria-hidden=\"true\" class=\"e-font-icon-svg e-fab-facebook\" viewbox=\"0 0 512 512\" xmlns=\"http:\/\/www.w3.org\/2000\/svg\"><path d=\"M504 256C504 119 393 8 256 8S8 119 8 256c0 123.78 90.69 226.38 209.25 245V327.69h-63V256h63v-54.64c0-62.15 37-96.48 93.67-96.48 27.14 0 55.52 4.84 55.52 4.84v61h-31.28c-30.8 0-40.41 19.12-40.41 38.73V256h68.78l-11 71.69h-57.78V501C413.31 482.38 504 379.78 504 256z\"><\/path><\/svg>\t\t\t\t\t<\/a>\n\t\t\t\t<\/span>\n\t\t\t\t\t\t\t<span class=\"elementor-grid-item\" role=\"listitem\">\n\t\t\t\t\t<a class=\"elementor-icon elementor-social-icon elementor-social-icon-instagram elementor-repeater-item-0a69f11\" href=\"https:\/\/www.instagram.com\/nouruz.ensemble\/\" target=\"_blank\">\n\t\t\t\t\t\t<span class=\"elementor-screen-only\">Instagram<\/span>\n\t\t\t\t\t\t<svg aria-hidden=\"true\" class=\"e-font-icon-svg e-fab-instagram\" viewbox=\"0 0 448 512\" xmlns=\"http:\/\/www.w3.org\/2000\/svg\"><path d=\"M224.1 141c-63.6 0-114.9 51.3-114.9 114.9s51.3 114.9 114.9 114.9S339 319.5 339 255.9 287.7 141 224.1 141zm0 189.6c-41.1 0-74.7-33.5-74.7-74.7s33.5-74.7 74.7-74.7 74.7 33.5 74.7 74.7-33.6 74.7-74.7 74.7zm146.4-194.3c0 14.9-12 26.8-26.8 26.8-14.9 0-26.8-12-26.8-26.8s12-26.8 26.8-26.8 26.8 12 26.8 26.8zm76.1 27.2c-1.7-35.9-9.9-67.7-36.2-93.9-26.2-26.2-58-34.4-93.9-36.2-37-2.1-147.9-2.1-184.9 0-35.8 1.7-67.6 9.9-93.9 36.1s-34.4 58-36.2 93.9c-2.1 37-2.1 147.9 0 184.9 1.7 35.9 9.9 67.7 36.2 93.9s58 34.4 93.9 36.2c37 2.1 147.9 2.1 184.9 0 35.9-1.7 67.7-9.9 93.9-36.2 26.2-26.2 34.4-58 36.2-93.9 2.1-37 2.1-147.8 0-184.8zM398.8 388c-7.8 19.6-22.9 34.7-42.6 42.6-29.5 11.7-99.5 9-132.1 9s-102.7 2.6-132.1-9c-19.6-7.8-34.7-22.9-42.6-42.6-11.7-29.5-9-99.5-9-132.1s-2.6-102.7 9-132.1c7.8-19.6 22.9-34.7 42.6-42.6 29.5-11.7 99.5-9 132.1-9s102.7-2.6 132.1 9c19.6 7.8 34.7 22.9 42.6 42.6 11.7 29.5 9 99.5 9 132.1s2.7 102.7-9 132.1z\"><\/path><\/svg>\t\t\t\t\t<\/a>\n\t\t\t\t<\/span>\n\t\t\t\t\t<\/div>\n\t\t\t\t\t\t<\/div>\n\t\t\t\t\t<\/div>\n\t\t\t\t<\/div>\n\t\t<div class=\"elementor-element elementor-element-ee873ba e-flex e-con-boxed e-con e-parent\" data-id=\"ee873ba\" data-element_type=\"container\" data-e-type=\"container\">\n\t\t\t\t\t<div class=\"e-con-inner\">\n\t\t<div class=\"elementor-element elementor-element-a6ed549 e-con-full e-flex e-con e-child\" data-id=\"a6ed549\" data-element_type=\"container\" data-e-type=\"container\">\n\t\t\t\t<div class=\"elementor-element elementor-element-f04faa5 elementor-widget elementor-widget-video\" data-id=\"f04faa5\" data-element_type=\"widget\" data-e-type=\"widget\" data-settings=\"{&quot;youtube_url&quot;:&quot;https:\\\/\\\/www.youtube.com\\\/watch?v=uapP3XUrfkw&quot;,&quot;lazy_load&quot;:&quot;yes&quot;,&quot;video_type&quot;:&quot;youtube&quot;,&quot;controls&quot;:&quot;yes&quot;}\" data-widget_type=\"video.default\">\n\t\t\t\t\t\t\t<div class=\"elementor-wrapper elementor-open-inline\">\n\t\t\t<div class=\"elementor-video\"><\/div>\t\t<\/div>\n\t\t\t\t\t\t<\/div>\n\t\t\t\t<\/div>\n\t\t<div class=\"elementor-element elementor-element-86cbbc2 e-con-full e-flex e-con e-child\" data-id=\"86cbbc2\" data-element_type=\"container\" data-e-type=\"container\">\n\t\t\t\t<div class=\"elementor-element elementor-element-a196c79 elementor-widget elementor-widget-video\" data-id=\"a196c79\" data-element_type=\"widget\" data-e-type=\"widget\" data-settings=\"{&quot;youtube_url&quot;:&quot;https:\\\/\\\/www.youtube.com\\\/watch?v=kgVfJRTOsos&quot;,&quot;lazy_load&quot;:&quot;yes&quot;,&quot;video_type&quot;:&quot;youtube&quot;,&quot;controls&quot;:&quot;yes&quot;}\" data-widget_type=\"video.default\">\n\t\t\t\t\t\t\t<div class=\"elementor-wrapper elementor-open-inline\">\n\t\t\t<div class=\"elementor-video\"><\/div>\t\t<\/div>\n\t\t\t\t\t\t<\/div>\n\t\t\t\t<\/div>\n\t\t<div class=\"elementor-element elementor-element-81885c6 e-con-full e-flex e-con e-child\" data-id=\"81885c6\" data-element_type=\"container\" data-e-type=\"container\">\n\t\t\t\t<div class=\"elementor-element elementor-element-8bab957 elementor-widget elementor-widget-video\" data-id=\"8bab957\" data-element_type=\"widget\" data-e-type=\"widget\" data-settings=\"{&quot;youtube_url&quot;:&quot;https:\\\/\\\/www.youtube.com\\\/watch?v=cRuMDxzGYBU&quot;,&quot;lazy_load&quot;:&quot;yes&quot;,&quot;video_type&quot;:&quot;youtube&quot;,&quot;controls&quot;:&quot;yes&quot;}\" data-widget_type=\"video.default\">\n\t\t\t\t\t\t\t<div class=\"elementor-wrapper elementor-open-inline\">\n\t\t\t<div class=\"elementor-video\"><\/div>\t\t<\/div>\n\t\t\t\t\t\t<\/div>\n\t\t\t\t<\/div>\n\t\t<div class=\"elementor-element elementor-element-5ca454d e-con-full e-flex e-con e-child\" data-id=\"5ca454d\" data-element_type=\"container\" data-e-type=\"container\">\n\t\t\t\t<div class=\"elementor-element elementor-element-ada5a69 elementor-widget elementor-widget-video\" data-id=\"ada5a69\" data-element_type=\"widget\" data-e-type=\"widget\" data-settings=\"{&quot;youtube_url&quot;:&quot;https:\\\/\\\/www.youtube.com\\\/watch?v=jiZjpZkbeUE&quot;,&quot;lazy_load&quot;:&quot;yes&quot;,&quot;video_type&quot;:&quot;youtube&quot;,&quot;controls&quot;:&quot;yes&quot;}\" data-widget_type=\"video.default\">\n\t\t\t\t\t\t\t<div class=\"elementor-wrapper elementor-open-inline\">\n\t\t\t<div class=\"elementor-video\"><\/div>\t\t<\/div>\n\t\t\t\t\t\t<\/div>\n\t\t\t\t<\/div>\n\t\t\t\t\t<\/div>\n\t\t\t\t<\/div>\n\t\t\t\t<\/div>","protected":false},"excerpt":{"rendered":"<p>Nouruz Ensemble Das Nouruz-Ensemble besteht aus vier Virtuosen alter orientalischer Instrumente aus dem Nahen und Mittleren Osten. Alle vier Musiker studierten an den Musikhochschulen ihrer Heimatst\u00e4dte, in Bagdad, und Teheran. Heute leben sie in Deutschland und arbeiten als freiberufliche Musiker.\u00a0Sie spielen nicht ausschlie\u00dflich orientalische Musik, sondern haben in Deutschland viel ausprobiert und mit Gruppen unterschiedlichster [&hellip;]<\/p>\n","protected":false},"author":1,"featured_media":0,"parent":17,"menu_order":0,"comment_status":"closed","ping_status":"closed","template":"","meta":{"om_disable_all_campaigns":false,"_monsterinsights_skip_tracking":false,"_monsterinsights_sitenote_active":false,"_monsterinsights_sitenote_note":"","_monsterinsights_sitenote_category":0,"site-sidebar-layout":"default","site-content-layout":"","ast-site-content-layout":"default","site-content-style":"default","site-sidebar-style":"default","ast-global-header-display":"","ast-banner-title-visibility":"","ast-main-header-display":"","ast-hfb-above-header-display":"","ast-hfb-below-header-display":"","ast-hfb-mobile-header-display":"","site-post-title":"disabled","ast-breadcrumbs-content":"","ast-featured-img":"","footer-sml-layout":"","ast-disable-related-posts":"","theme-transparent-header-meta":"","adv-header-id-meta":"","stick-header-meta":"","header-above-stick-meta":"","header-main-stick-meta":"","header-below-stick-meta":"","astra-migrate-meta-layouts":"set","ast-page-background-enabled":"default","ast-page-background-meta":{"desktop":{"background-color":"","background-image":"","background-repeat":"repeat","background-position":"center center","background-size":"auto","background-attachment":"scroll","background-type":"","background-media":"","overlay-type":"","overlay-color":"","overlay-opacity":"","overlay-gradient":""},"tablet":{"background-color":"","background-image":"","background-repeat":"repeat","background-position":"center center","background-size":"auto","background-attachment":"scroll","background-type":"","background-media":"","overlay-type":"","overlay-color":"","overlay-opacity":"","overlay-gradient":""},"mobile":{"background-color":"","background-image":"","background-repeat":"repeat","background-position":"center center","background-size":"auto","background-attachment":"scroll","background-type":"","background-media":"","overlay-type":"","overlay-color":"","overlay-opacity":"","overlay-gradient":""}},"ast-content-background-meta":{"desktop":{"background-color":"var(--ast-global-color-5)","background-image":"","background-repeat":"repeat","background-position":"center center","background-size":"auto","background-attachment":"scroll","background-type":"","background-media":"","overlay-type":"","overlay-color":"","overlay-opacity":"","overlay-gradient":""},"tablet":{"background-color":"var(--ast-global-color-5)","background-image":"","background-repeat":"repeat","background-position":"center center","background-size":"auto","background-attachment":"scroll","background-type":"","background-media":"","overlay-type":"","overlay-color":"","overlay-opacity":"","overlay-gradient":""},"mobile":{"background-color":"var(--ast-global-color-5)","background-image":"","background-repeat":"repeat","background-position":"center center","background-size":"auto","background-attachment":"scroll","background-type":"","background-media":"","overlay-type":"","overlay-color":"","overlay-opacity":"","overlay-gradient":""}},"footnotes":""},"class_list":["post-940","page","type-page","status-publish","hentry"],"aioseo_notices":[],"_links":{"self":[{"href":"https:\/\/kioomars-musayyebi.com\/en\/wp-json\/wp\/v2\/pages\/940","targetHints":{"allow":["GET"]}}],"collection":[{"href":"https:\/\/kioomars-musayyebi.com\/en\/wp-json\/wp\/v2\/pages"}],"about":[{"href":"https:\/\/kioomars-musayyebi.com\/en\/wp-json\/wp\/v2\/types\/page"}],"author":[{"embeddable":true,"href":"https:\/\/kioomars-musayyebi.com\/en\/wp-json\/wp\/v2\/users\/1"}],"replies":[{"embeddable":true,"href":"https:\/\/kioomars-musayyebi.com\/en\/wp-json\/wp\/v2\/comments?post=940"}],"version-history":[{"count":0,"href":"https:\/\/kioomars-musayyebi.com\/en\/wp-json\/wp\/v2\/pages\/940\/revisions"}],"up":[{"embeddable":true,"href":"https:\/\/kioomars-musayyebi.com\/en\/wp-json\/wp\/v2\/pages\/17"}],"wp:attachment":[{"href":"https:\/\/kioomars-musayyebi.com\/en\/wp-json\/wp\/v2\/media?parent=940"}],"curies":[{"name":"wp","href":"https:\/\/api.w.org\/{rel}","templated":true}]}}