{"id":7354,"date":"2023-09-22T22:11:57","date_gmt":"2023-09-22T22:11:57","guid":{"rendered":"https:\/\/kioomars-musayyebi.com\/?page_id=7354"},"modified":"2025-11-04T20:17:00","modified_gmt":"2025-11-04T20:17:00","slug":"kosmotronix","status":"publish","type":"page","link":"https:\/\/kioomars-musayyebi.com\/en\/projekte\/kosmotronix\/","title":{"rendered":"KosMoTronix"},"content":{"rendered":"<div data-elementor-type=\"wp-page\" data-elementor-id=\"7354\" class=\"elementor elementor-7354\" data-elementor-post-type=\"page\">\n\t\t\t\t<div class=\"elementor-element elementor-element-8912f84 e-flex e-con-boxed e-con e-parent\" data-id=\"8912f84\" data-element_type=\"container\" data-e-type=\"container\">\n\t\t\t\t\t<div class=\"e-con-inner\">\n\t\t\t\t<div class=\"elementor-element elementor-element-41a6daf elementor-widget elementor-widget-heading\" data-id=\"41a6daf\" data-element_type=\"widget\" data-e-type=\"widget\" data-widget_type=\"heading.default\">\n\t\t\t\t\t<h4 class=\"elementor-heading-title elementor-size-default\">KosMoTronix<\/h4>\t\t\t\t<\/div>\n\t\t\t\t\t<\/div>\n\t\t\t\t<\/div>\n\t\t<div class=\"elementor-element elementor-element-09cf6dd e-flex e-con-boxed e-con e-parent\" data-id=\"09cf6dd\" data-element_type=\"container\" data-e-type=\"container\">\n\t\t\t\t\t<div class=\"e-con-inner\">\n\t\t\t\t<div class=\"elementor-element elementor-element-61b167b elementor-widget elementor-widget-image\" data-id=\"61b167b\" data-element_type=\"widget\" data-e-type=\"widget\" data-widget_type=\"image.default\">\n\t\t\t\t\t\t\t\t\t\t\t\t\t\t\t<img fetchpriority=\"high\" decoding=\"async\" width=\"2560\" height=\"702\" src=\"https:\/\/kioomars-musayyebi.com\/wp-content\/uploads\/2023\/12\/DSC-80-scaled.jpg\" class=\"attachment-medium_large size-medium_large wp-image-8064\" alt=\"Kosmotronix\" srcset=\"https:\/\/kioomars-musayyebi.com\/wp-content\/uploads\/2023\/12\/DSC-80-scaled.jpg 2560w, https:\/\/kioomars-musayyebi.com\/wp-content\/uploads\/2023\/12\/DSC-80-300x82.jpg 300w, https:\/\/kioomars-musayyebi.com\/wp-content\/uploads\/2023\/12\/DSC-80-1024x281.jpg 1024w, https:\/\/kioomars-musayyebi.com\/wp-content\/uploads\/2023\/12\/DSC-80-150x41.jpg 150w, https:\/\/kioomars-musayyebi.com\/wp-content\/uploads\/2023\/12\/DSC-80-1536x421.jpg 1536w, https:\/\/kioomars-musayyebi.com\/wp-content\/uploads\/2023\/12\/DSC-80-2048x562.jpg 2048w, https:\/\/kioomars-musayyebi.com\/wp-content\/uploads\/2023\/12\/DSC-80-600x165.jpg 600w, https:\/\/kioomars-musayyebi.com\/wp-content\/uploads\/2023\/12\/DSC-80-1200x329.jpg 1200w\" sizes=\"(max-width: 2560px) 100vw, 2560px\" \/>\t\t\t\t\t\t\t\t\t\t\t\t\t\t\t<\/div>\n\t\t\t\t\t<\/div>\n\t\t\t\t<\/div>\n\t\t<div class=\"elementor-element elementor-element-2ccfe010 e-flex e-con-boxed e-con e-parent\" data-id=\"2ccfe010\" data-element_type=\"container\" data-e-type=\"container\">\n\t\t\t\t\t<div class=\"e-con-inner\">\n\t\t\t\t<div class=\"elementor-element elementor-element-5d91dc62 elementor-widget elementor-widget-text-editor\" data-id=\"5d91dc62\" data-element_type=\"widget\" data-e-type=\"widget\" data-widget_type=\"text-editor.default\">\n\t\t\t\t\t\t\t\t\t<p>\u00a0<\/p>\n<!-- \/wp:image --><!-- wp:image {\"align\":\"center\",\"id\":8060,\"width\":\"612px\",\"height\":\"auto\",\"sizeSlug\":\"large\",\"linkDestination\":\"none\"} -->\n<figure class=\"wp-block-image aligncenter size-large is-resized\"><\/figure>\n<!-- \/wp:image --><!-- wp:heading {\"textAlign\":\"center\",\"level\":1,\"align\":\"wide\"} --><!-- \/wp:heading --><!-- wp:paragraph {\"align\":\"left\"} -->\n<p class=\"has-text-align-left\">How can one travel most quickly from the Ruhr region to Baghdad or Tehran? From the vibrant heart of the Ruhr area to the traditional realms of ancient cultures? The artist collective KosMoTronix invites you on a multidimensional journey that builds bridges in a fascinating way between the musical richness of the Middle East and the contemporary electronic and beat sounds of the industrial region.\u00a0<\/p>\n<!-- \/wp:paragraph --><!-- wp:paragraph {\"align\":\"left\"} -->\n<p class=\"has-text-align-left\">At the same time, impressions of Oriental history overlap with defining images of the Ruhr region in an impressive video projection, intertwining culture, art, and the stories of migration into kaleidoscopic narratives.<\/p>\n<!-- \/wp:paragraph --><!-- wp:paragraph {\"align\":\"center\"} -->\n<p class=\"has-text-align-center\"><a href=\"http:\/\/aliostovar.com\" target=\"_blank\" rel=\"noopener\">Alireza Ostovar<\/a> : Live-Electronic<\/p>\n<!-- \/wp:paragraph --><!-- wp:paragraph {\"align\":\"center\"} -->\n<p class=\"has-text-align-center\"><a href=\"https:\/\/www.bassemhawar.com\" target=\"_blank\" rel=\"noopener\">Bassem Hawar<\/a> : Djoze<\/p>\n<p class=\"has-text-align-center\"><a href=\"https:\/\/kioomars-musayyebi.com\/en\/\" target=\"_blank\" rel=\"noopener\">Kioomars Musayyebi<\/a> : Santur<\/p>\n<!-- \/wp:paragraph --><!-- wp:paragraph {\"align\":\"center\"} --><!-- \/wp:paragraph --><!-- wp:paragraph {\"align\":\"center\"} --><!-- \/wp:paragraph --><!-- wp:paragraph {\"align\":\"center\"} -->\n<p class=\"has-text-align-center\"><a href=\"https:\/\/marenlueg.org\" target=\"_blank\" rel=\"noopener\">Maren Lueg<\/a> : Nay, Saxofon, Fl\u00f6te<\/p>\n<!-- \/wp:paragraph --><!-- wp:paragraph {\"align\":\"center\"} -->\n<p class=\"has-text-align-center\"><a href=\"https:\/\/www.rezasamani.com\/aktuell\" target=\"_blank\" rel=\"noopener\">Reza Samani<\/a>: Percussion<\/p>\n<p style=\"text-align: center;\"><a href=\"https:\/\/bozas.com\/composers\/bernard-oneill\/\" target=\"_blank\" rel=\"noopener\">Bernard O\u2018Neill<\/a>: Kontrabass<\/p>\n<!-- \/wp:paragraph --><!-- wp:paragraph {\"align\":\"center\"} -->\n<p class=\"has-text-align-center\">with the projections by<br \/><a href=\"https:\/\/tomgroll.de\" target=\"_blank\" rel=\"noopener\">Tom Groll<\/a> &amp; Kuno Seltmann<\/p>\n<!-- \/wp:columns -->\t\t\t\t\t\t\t\t<\/div>\n\t\t\t\t\t<\/div>\n\t\t\t\t<\/div>\n\t\t<div class=\"elementor-element elementor-element-bb9ddb9 e-flex e-con-boxed e-con e-parent\" data-id=\"bb9ddb9\" data-element_type=\"container\" data-e-type=\"container\">\n\t\t\t\t\t<div class=\"e-con-inner\">\n\t\t\t\t<div class=\"elementor-element elementor-element-95404c6 elementor-align-center elementor-widget elementor-widget-button\" data-id=\"95404c6\" data-element_type=\"widget\" data-e-type=\"widget\" data-widget_type=\"button.default\">\n\t\t\t\t\t\t\t\t\t\t<a class=\"elementor-button elementor-button-link elementor-size-sm\" href=\"http:\/\/www.kosmotronix.com\/?fbclid=IwAR1JKLLQ_xpyFpdWiNIx2R7pp7XT1UcE2fm01L3kPZIVjKs0Wy3hwAWB23Q\" target=\"_blank\">\n\t\t\t\t\t\t<span class=\"elementor-button-content-wrapper\">\n\t\t\t\t\t\t\t\t\t<span class=\"elementor-button-text\">More info<\/span>\n\t\t\t\t\t<\/span>\n\t\t\t\t\t<\/a>\n\t\t\t\t\t\t\t\t<\/div>\n\t\t\t\t\t<\/div>\n\t\t\t\t<\/div>\n\t\t<div class=\"elementor-element elementor-element-f0c12ec e-flex e-con-boxed e-con e-parent\" data-id=\"f0c12ec\" data-element_type=\"container\" data-e-type=\"container\">\n\t\t\t\t\t<div class=\"e-con-inner\">\n\t\t\t\t<div class=\"elementor-element elementor-element-31e8a91 elementor-widget elementor-widget-video\" data-id=\"31e8a91\" data-element_type=\"widget\" data-e-type=\"widget\" data-settings=\"{&quot;youtube_url&quot;:&quot;https:\\\/\\\/www.youtube.com\\\/watch?v=og23LdgARyw&amp;t=317s&quot;,&quot;lazy_load&quot;:&quot;yes&quot;,&quot;video_type&quot;:&quot;youtube&quot;,&quot;controls&quot;:&quot;yes&quot;}\" data-widget_type=\"video.default\">\n\t\t\t\t\t\t\t<div class=\"elementor-wrapper elementor-open-inline\">\n\t\t\t<div class=\"elementor-video\"><\/div>\t\t<\/div>\n\t\t\t\t\t\t<\/div>\n\t\t\t\t\t<\/div>\n\t\t\t\t<\/div>\n\t\t\t\t<\/div>","protected":false},"excerpt":{"rendered":"<p>KosMoTronix \u00a0 Wie kommt man am schnellsten vom Ruhrgebiet nach Bagdad oder Teheran? Vom pulsierenden Revier in die traditionsreichen Gefilde uralter Kulturen? Das K\u00fcnstlerkollektiv KosMoTronix l\u00e4dt zu einer\u00a0multidimensionalen Reise ein, die auf faszinierende Weise\u00a0Br\u00fccken zwischen dem musikalischen Reichtum des Mittleren Ostens und den zeitgen\u00f6ssischen Elektro- und Beat-Sounds der Industrieregion schl\u00e4gt.\u00a0 Gleichzeitig \u00fcberlagern sich Impressionen aus [&hellip;]<\/p>\n","protected":false},"author":1,"featured_media":0,"parent":17,"menu_order":0,"comment_status":"closed","ping_status":"closed","template":"","meta":{"om_disable_all_campaigns":false,"_monsterinsights_skip_tracking":false,"_monsterinsights_sitenote_active":false,"_monsterinsights_sitenote_note":"","_monsterinsights_sitenote_category":0,"site-sidebar-layout":"default","site-content-layout":"","ast-site-content-layout":"default","site-content-style":"default","site-sidebar-style":"default","ast-global-header-display":"","ast-banner-title-visibility":"","ast-main-header-display":"","ast-hfb-above-header-display":"","ast-hfb-below-header-display":"","ast-hfb-mobile-header-display":"","site-post-title":"disabled","ast-breadcrumbs-content":"","ast-featured-img":"","footer-sml-layout":"","ast-disable-related-posts":"","theme-transparent-header-meta":"","adv-header-id-meta":"","stick-header-meta":"","header-above-stick-meta":"","header-main-stick-meta":"","header-below-stick-meta":"","astra-migrate-meta-layouts":"set","ast-page-background-enabled":"default","ast-page-background-meta":{"desktop":{"background-color":"","background-image":"","background-repeat":"repeat","background-position":"center center","background-size":"auto","background-attachment":"scroll","background-type":"","background-media":"","overlay-type":"","overlay-color":"","overlay-opacity":"","overlay-gradient":""},"tablet":{"background-color":"","background-image":"","background-repeat":"repeat","background-position":"center center","background-size":"auto","background-attachment":"scroll","background-type":"","background-media":"","overlay-type":"","overlay-color":"","overlay-opacity":"","overlay-gradient":""},"mobile":{"background-color":"","background-image":"","background-repeat":"repeat","background-position":"center center","background-size":"auto","background-attachment":"scroll","background-type":"","background-media":"","overlay-type":"","overlay-color":"","overlay-opacity":"","overlay-gradient":""}},"ast-content-background-meta":{"desktop":{"background-color":"var(--ast-global-color-5)","background-image":"","background-repeat":"repeat","background-position":"center center","background-size":"auto","background-attachment":"scroll","background-type":"","background-media":"","overlay-type":"","overlay-color":"","overlay-opacity":"","overlay-gradient":""},"tablet":{"background-color":"var(--ast-global-color-5)","background-image":"","background-repeat":"repeat","background-position":"center center","background-size":"auto","background-attachment":"scroll","background-type":"","background-media":"","overlay-type":"","overlay-color":"","overlay-opacity":"","overlay-gradient":""},"mobile":{"background-color":"var(--ast-global-color-5)","background-image":"","background-repeat":"repeat","background-position":"center center","background-size":"auto","background-attachment":"scroll","background-type":"","background-media":"","overlay-type":"","overlay-color":"","overlay-opacity":"","overlay-gradient":""}},"footnotes":""},"class_list":["post-7354","page","type-page","status-publish","hentry"],"aioseo_notices":[],"_links":{"self":[{"href":"https:\/\/kioomars-musayyebi.com\/en\/wp-json\/wp\/v2\/pages\/7354","targetHints":{"allow":["GET"]}}],"collection":[{"href":"https:\/\/kioomars-musayyebi.com\/en\/wp-json\/wp\/v2\/pages"}],"about":[{"href":"https:\/\/kioomars-musayyebi.com\/en\/wp-json\/wp\/v2\/types\/page"}],"author":[{"embeddable":true,"href":"https:\/\/kioomars-musayyebi.com\/en\/wp-json\/wp\/v2\/users\/1"}],"replies":[{"embeddable":true,"href":"https:\/\/kioomars-musayyebi.com\/en\/wp-json\/wp\/v2\/comments?post=7354"}],"version-history":[{"count":0,"href":"https:\/\/kioomars-musayyebi.com\/en\/wp-json\/wp\/v2\/pages\/7354\/revisions"}],"up":[{"embeddable":true,"href":"https:\/\/kioomars-musayyebi.com\/en\/wp-json\/wp\/v2\/pages\/17"}],"wp:attachment":[{"href":"https:\/\/kioomars-musayyebi.com\/en\/wp-json\/wp\/v2\/media?parent=7354"}],"curies":[{"name":"wp","href":"https:\/\/api.w.org\/{rel}","templated":true}]}}