{"id":68,"date":"2016-02-21T23:00:07","date_gmt":"2016-02-21T23:00:07","guid":{"rendered":"http:\/\/kioomars-musayyebi.com\/?page_id=68"},"modified":"2026-02-09T09:56:46","modified_gmt":"2026-02-09T09:56:46","slug":"duo-mit-andreas-heuser","status":"publish","type":"page","link":"https:\/\/kioomars-musayyebi.com\/en\/projekte\/duo-mit-andreas-heuser\/","title":{"rendered":"Duo Musayyebi &#038; Heuser"},"content":{"rendered":"<div data-elementor-type=\"wp-page\" data-elementor-id=\"68\" class=\"elementor elementor-68\" data-elementor-post-type=\"page\">\n\t\t\t\t<div class=\"elementor-element elementor-element-326fe76 e-flex e-con-boxed e-con e-parent\" data-id=\"326fe76\" data-element_type=\"container\" data-e-type=\"container\">\n\t\t\t\t\t<div class=\"e-con-inner\">\n\t\t\t\t<div class=\"elementor-element elementor-element-2672504 elementor-widget elementor-widget-heading\" data-id=\"2672504\" data-element_type=\"widget\" data-e-type=\"widget\" data-widget_type=\"heading.default\">\n\t\t\t\t\t<h4 class=\"elementor-heading-title elementor-size-default\">Duo Musayyebi &amp; Heuser<\/h4>\t\t\t\t<\/div>\n\t\t\t\t\t<\/div>\n\t\t\t\t<\/div>\n\t\t<div class=\"elementor-element elementor-element-f04188b e-flex e-con-boxed e-con e-parent\" data-id=\"f04188b\" data-element_type=\"container\" data-e-type=\"container\">\n\t\t\t\t\t<div class=\"e-con-inner\">\n\t\t\t\t<div class=\"elementor-element elementor-element-8e94a76 elementor-widget elementor-widget-image\" data-id=\"8e94a76\" data-element_type=\"widget\" data-e-type=\"widget\" data-widget_type=\"image.default\">\n\t\t\t\t\t\t\t\t\t\t\t\t\t\t\t<img fetchpriority=\"high\" decoding=\"async\" width=\"2560\" height=\"1737\" src=\"https:\/\/kioomars-musayyebi.com\/wp-content\/uploads\/2023\/12\/1C4A0876-scaled.jpg\" class=\"attachment-medium_large size-medium_large wp-image-8018\" alt=\"Duo Musayyebi &amp; Heuser\" srcset=\"https:\/\/kioomars-musayyebi.com\/wp-content\/uploads\/2023\/12\/1C4A0876-scaled.jpg 2560w, https:\/\/kioomars-musayyebi.com\/wp-content\/uploads\/2023\/12\/1C4A0876-300x204.jpg 300w, https:\/\/kioomars-musayyebi.com\/wp-content\/uploads\/2023\/12\/1C4A0876-1024x695.jpg 1024w, https:\/\/kioomars-musayyebi.com\/wp-content\/uploads\/2023\/12\/1C4A0876-150x102.jpg 150w, https:\/\/kioomars-musayyebi.com\/wp-content\/uploads\/2023\/12\/1C4A0876-1536x1042.jpg 1536w, https:\/\/kioomars-musayyebi.com\/wp-content\/uploads\/2023\/12\/1C4A0876-2048x1390.jpg 2048w, https:\/\/kioomars-musayyebi.com\/wp-content\/uploads\/2023\/12\/1C4A0876-600x407.jpg 600w, https:\/\/kioomars-musayyebi.com\/wp-content\/uploads\/2023\/12\/1C4A0876-1200x814.jpg 1200w\" sizes=\"(max-width: 2560px) 100vw, 2560px\" \/>\t\t\t\t\t\t\t\t\t\t\t\t\t\t\t<\/div>\n\t\t\t\t\t<\/div>\n\t\t\t\t<\/div>\n\t\t<div class=\"elementor-element elementor-element-2585e4e5 e-flex e-con-boxed e-con e-parent\" data-id=\"2585e4e5\" data-element_type=\"container\" data-e-type=\"container\">\n\t\t\t\t\t<div class=\"e-con-inner\">\n\t\t\t\t<div class=\"elementor-element elementor-element-67fd4876 elementor-widget elementor-widget-text-editor\" data-id=\"67fd4876\" data-element_type=\"widget\" data-e-type=\"widget\" data-widget_type=\"text-editor.default\">\n\t\t\t\t\t\t\t\t\t\n<h6 style=\"text-align: center;\">vielf\u00e4ltige saiten Dialoge<\/h6>\n<h6 style=\"text-align: center;\">Kioomars Musayyebi (Santur) &amp; Andreas Heuser (Gitarre)<\/h6>\n<p class=\"paragraph_style_8\"><a href=\"https:\/\/kioomars-musayyebi.com\/en\/\">Kioomars Musayyebi<\/a> und <a href=\"https:\/\/www.andreasheuser.com\">Andreas Heuser<\/a> &#8211; beide Mitglieder der Ruhrgebiets-Weltmusik-Bigband Transorient Orchestra &#8211; begegnen sich musikalisch auf halber Strecke zwischen Orient und Okzident, <span class=\"style_1\">wobei ihre Instrumente in vielf\u00e4ltige Dialoge miteinander treten.<\/span><\/p>\n<p class=\"paragraph_style_8\">Sie spielen <span class=\"style_1\">orientalische Traditionals in neuen Arrangements<\/span> und Eigenkompositionen, in denen sich musikalische Einfl\u00fcsse aus Ost und West miteinander verbinden.<\/p>\n<p class=\"paragraph_style_8\">Beide verf\u00fcgen \u00fcber eine profunde musikalische Ausbildung und langj\u00e4hrige Erfahrungen in unterschiedlichsten musikalischen Konstellationen, sind virtuose Instrumentalisten und individuelle Komponisten.<\/p>\n<p class=\"paragraph_style_8\">Fantasievoll nutzen sie die zahlreichen klanglichen und rhythmischen M\u00f6glichkeiten ihres Instrumentariums und lassen die Kl\u00e4nge der 72-saitigen persischen Santur, diverser Gitarren und der Violine zu vielf\u00e4ltigen Klangbildern verschmelzen: rhythmisch, dynamisch, lyrisch, meditativ.<\/p>\n<p class=\"paragraph_style_8\"><a href=\"http:\/\/www.andreasheuser.com\/musayyebi-heuser.html\" target=\"_blank\" rel=\"noopener noreferrer\">Andreas Heuser<\/a> studierte klassische Gitarre, Jazzgitarre und Violine an der Staatlichen Hochschule f\u00fcr Musik Detmold, Institut Dortmund.\u00a0<\/p>\n\t\t\t\t\t\t\t\t<\/div>\n\t\t\t\t\t<\/div>\n\t\t\t\t<\/div>\n\t\t<div class=\"elementor-element elementor-element-5bfd34b e-flex e-con-boxed e-con e-parent\" data-id=\"5bfd34b\" data-element_type=\"container\" data-e-type=\"container\">\n\t\t\t\t\t<div class=\"e-con-inner\">\n\t\t<div class=\"elementor-element elementor-element-fba975a e-con-full e-flex e-con e-child\" data-id=\"fba975a\" data-element_type=\"container\" data-e-type=\"container\">\n\t\t\t\t<div class=\"elementor-element elementor-element-927b1a4 elementor-widget elementor-widget-video\" data-id=\"927b1a4\" data-element_type=\"widget\" data-e-type=\"widget\" data-settings=\"{&quot;youtube_url&quot;:&quot;https:\\\/\\\/www.youtube.com\\\/watch?v=wJxZzy6x-60&quot;,&quot;lazy_load&quot;:&quot;yes&quot;,&quot;video_type&quot;:&quot;youtube&quot;,&quot;controls&quot;:&quot;yes&quot;}\" data-widget_type=\"video.default\">\n\t\t\t\t\t\t\t<div class=\"elementor-wrapper elementor-open-inline\">\n\t\t\t<div class=\"elementor-video\"><\/div>\t\t<\/div>\n\t\t\t\t\t\t<\/div>\n\t\t\t\t<\/div>\n\t\t<div class=\"elementor-element elementor-element-69fec9d e-con-full e-flex e-con e-child\" data-id=\"69fec9d\" data-element_type=\"container\" data-e-type=\"container\">\n\t\t\t\t<div class=\"elementor-element elementor-element-5a98614 elementor-widget elementor-widget-video\" data-id=\"5a98614\" data-element_type=\"widget\" data-e-type=\"widget\" data-settings=\"{&quot;youtube_url&quot;:&quot;https:\\\/\\\/www.youtube.com\\\/watch?v=nPqGCS6a0R8&quot;,&quot;lazy_load&quot;:&quot;yes&quot;,&quot;video_type&quot;:&quot;youtube&quot;,&quot;controls&quot;:&quot;yes&quot;}\" data-widget_type=\"video.default\">\n\t\t\t\t\t\t\t<div class=\"elementor-wrapper elementor-open-inline\">\n\t\t\t<div class=\"elementor-video\"><\/div>\t\t<\/div>\n\t\t\t\t\t\t<\/div>\n\t\t\t\t<\/div>\n\t\t<div class=\"elementor-element elementor-element-443fc69 e-con-full e-flex e-con e-child\" data-id=\"443fc69\" data-element_type=\"container\" data-e-type=\"container\">\n\t\t\t\t<div class=\"elementor-element elementor-element-e32772e elementor-widget elementor-widget-shortcode\" data-id=\"e32772e\" data-element_type=\"widget\" data-e-type=\"widget\" data-widget_type=\"shortcode.default\">\n\t\t\t\t\t\t\t<div class=\"elementor-shortcode\"><iframe data-testid=\"embed-iframe\" style=\"border-radius:12px\" src=\"https:\/\/open.spotify.com\/embed\/album\/4hfTQv2FkojKnv2zXpngr2?utm_source=generator\" width=\"100%\" height=\"352\" frameborder=\"0\" allowfullscreen=\"\" allow=\"autoplay; clipboard-write; encrypted-media; fullscreen; picture-in-picture\" loading=\"lazy\"><\/iframe><\/div>\n\t\t\t\t\t\t<\/div>\n\t\t\t\t<\/div>\n\t\t\t\t\t<\/div>\n\t\t\t\t<\/div>\n\t\t\t\t<\/div>","protected":false},"excerpt":{"rendered":"<p>Duo Musayyebi &amp; Heuser vielf\u00e4ltige saiten Dialoge Kioomars Musayyebi (Santur) &amp; Andreas Heuser (Gitarre) Kioomars Musayyebi und Andreas Heuser &#8211; beide Mitglieder der Ruhrgebiets-Weltmusik-Bigband Transorient Orchestra &#8211; begegnen sich musikalisch auf halber Strecke zwischen Orient und Okzident, wobei ihre Instrumente in vielf\u00e4ltige Dialoge miteinander treten. Sie spielen orientalische Traditionals in neuen Arrangements und Eigenkompositionen, in [&hellip;]<\/p>\n","protected":false},"author":1,"featured_media":0,"parent":17,"menu_order":0,"comment_status":"closed","ping_status":"closed","template":"","meta":{"om_disable_all_campaigns":false,"_monsterinsights_skip_tracking":false,"_monsterinsights_sitenote_active":false,"_monsterinsights_sitenote_note":"","_monsterinsights_sitenote_category":0,"site-sidebar-layout":"default","site-content-layout":"","ast-site-content-layout":"default","site-content-style":"default","site-sidebar-style":"default","ast-global-header-display":"","ast-banner-title-visibility":"","ast-main-header-display":"","ast-hfb-above-header-display":"","ast-hfb-below-header-display":"","ast-hfb-mobile-header-display":"","site-post-title":"disabled","ast-breadcrumbs-content":"","ast-featured-img":"","footer-sml-layout":"","ast-disable-related-posts":"","theme-transparent-header-meta":"","adv-header-id-meta":"","stick-header-meta":"","header-above-stick-meta":"","header-main-stick-meta":"","header-below-stick-meta":"","astra-migrate-meta-layouts":"set","ast-page-background-enabled":"default","ast-page-background-meta":{"desktop":{"background-color":"","background-image":"","background-repeat":"repeat","background-position":"center center","background-size":"auto","background-attachment":"scroll","background-type":"","background-media":"","overlay-type":"","overlay-color":"","overlay-opacity":"","overlay-gradient":""},"tablet":{"background-color":"","background-image":"","background-repeat":"repeat","background-position":"center center","background-size":"auto","background-attachment":"scroll","background-type":"","background-media":"","overlay-type":"","overlay-color":"","overlay-opacity":"","overlay-gradient":""},"mobile":{"background-color":"","background-image":"","background-repeat":"repeat","background-position":"center center","background-size":"auto","background-attachment":"scroll","background-type":"","background-media":"","overlay-type":"","overlay-color":"","overlay-opacity":"","overlay-gradient":""}},"ast-content-background-meta":{"desktop":{"background-color":"var(--ast-global-color-5)","background-image":"","background-repeat":"repeat","background-position":"center center","background-size":"auto","background-attachment":"scroll","background-type":"","background-media":"","overlay-type":"","overlay-color":"","overlay-opacity":"","overlay-gradient":""},"tablet":{"background-color":"var(--ast-global-color-5)","background-image":"","background-repeat":"repeat","background-position":"center center","background-size":"auto","background-attachment":"scroll","background-type":"","background-media":"","overlay-type":"","overlay-color":"","overlay-opacity":"","overlay-gradient":""},"mobile":{"background-color":"var(--ast-global-color-5)","background-image":"","background-repeat":"repeat","background-position":"center center","background-size":"auto","background-attachment":"scroll","background-type":"","background-media":"","overlay-type":"","overlay-color":"","overlay-opacity":"","overlay-gradient":""}},"footnotes":""},"class_list":["post-68","page","type-page","status-publish","hentry"],"aioseo_notices":[],"_links":{"self":[{"href":"https:\/\/kioomars-musayyebi.com\/en\/wp-json\/wp\/v2\/pages\/68","targetHints":{"allow":["GET"]}}],"collection":[{"href":"https:\/\/kioomars-musayyebi.com\/en\/wp-json\/wp\/v2\/pages"}],"about":[{"href":"https:\/\/kioomars-musayyebi.com\/en\/wp-json\/wp\/v2\/types\/page"}],"author":[{"embeddable":true,"href":"https:\/\/kioomars-musayyebi.com\/en\/wp-json\/wp\/v2\/users\/1"}],"replies":[{"embeddable":true,"href":"https:\/\/kioomars-musayyebi.com\/en\/wp-json\/wp\/v2\/comments?post=68"}],"version-history":[{"count":0,"href":"https:\/\/kioomars-musayyebi.com\/en\/wp-json\/wp\/v2\/pages\/68\/revisions"}],"up":[{"embeddable":true,"href":"https:\/\/kioomars-musayyebi.com\/en\/wp-json\/wp\/v2\/pages\/17"}],"wp:attachment":[{"href":"https:\/\/kioomars-musayyebi.com\/en\/wp-json\/wp\/v2\/media?parent=68"}],"curies":[{"name":"wp","href":"https:\/\/api.w.org\/{rel}","templated":true}]}}