{"id":62,"date":"2016-02-21T22:58:36","date_gmt":"2016-02-21T22:58:36","guid":{"rendered":"http:\/\/kioomars-musayyebi.com\/?page_id=62"},"modified":"2025-11-14T22:58:03","modified_gmt":"2025-11-14T22:58:03","slug":"transorient-orchestra","status":"publish","type":"page","link":"https:\/\/kioomars-musayyebi.com\/en\/projekte\/transorient-orchestra\/","title":{"rendered":"Transorient Orchestra"},"content":{"rendered":"<div data-elementor-type=\"wp-page\" data-elementor-id=\"62\" class=\"elementor elementor-62\" data-elementor-post-type=\"page\">\n\t\t\t\t<div class=\"elementor-element elementor-element-5b805f3 e-flex e-con-boxed e-con e-parent\" data-id=\"5b805f3\" data-element_type=\"container\" data-e-type=\"container\">\n\t\t\t\t\t<div class=\"e-con-inner\">\n\t\t\t\t<div class=\"elementor-element elementor-element-642cb97 elementor-widget elementor-widget-heading\" data-id=\"642cb97\" data-element_type=\"widget\" data-e-type=\"widget\" data-widget_type=\"heading.default\">\n\t\t\t\t\t<h4 class=\"elementor-heading-title elementor-size-default\">Transorient Orchestra<\/h4>\t\t\t\t<\/div>\n\t\t\t\t\t<\/div>\n\t\t\t\t<\/div>\n\t\t<div class=\"elementor-element elementor-element-b772fa3 e-flex e-con-boxed e-con e-parent\" data-id=\"b772fa3\" data-element_type=\"container\" data-e-type=\"container\">\n\t\t\t\t\t<div class=\"e-con-inner\">\n\t\t\t\t<div class=\"elementor-element elementor-element-3353a6d elementor-widget elementor-widget-image\" data-id=\"3353a6d\" data-element_type=\"widget\" data-e-type=\"widget\" data-widget_type=\"image.default\">\n\t\t\t\t\t\t\t\t\t\t\t\t\t\t\t<img fetchpriority=\"high\" decoding=\"async\" width=\"2000\" height=\"2000\" src=\"https:\/\/kioomars-musayyebi.com\/wp-content\/uploads\/2025\/08\/20240410-00060_Transorient-Orchestra_Gruppenfoto2.jpg\" class=\"attachment-medium_large size-medium_large wp-image-11392\" alt=\"Transorient Orchestra\" srcset=\"https:\/\/kioomars-musayyebi.com\/wp-content\/uploads\/2025\/08\/20240410-00060_Transorient-Orchestra_Gruppenfoto2.jpg 2000w, https:\/\/kioomars-musayyebi.com\/wp-content\/uploads\/2025\/08\/20240410-00060_Transorient-Orchestra_Gruppenfoto2-700x700.jpg 700w\" sizes=\"(max-width: 2000px) 100vw, 2000px\" \/>\t\t\t\t\t\t\t\t\t\t\t\t\t\t\t<\/div>\n\t\t\t\t\t<\/div>\n\t\t\t\t<\/div>\n\t\t<div class=\"elementor-element elementor-element-42f4b12f e-flex e-con-boxed e-con e-parent\" data-id=\"42f4b12f\" data-element_type=\"container\" data-e-type=\"container\">\n\t\t\t\t\t<div class=\"e-con-inner\">\n\t\t\t\t<div class=\"elementor-element elementor-element-5a6f9e92 elementor-widget elementor-widget-text-editor\" data-id=\"5a6f9e92\" data-element_type=\"widget\" data-e-type=\"widget\" data-widget_type=\"text-editor.default\">\n\t\t\t\t\t\t\t\t\t\n<p>Das Transorient Orchestra l\u00e4sst den transkulturellen Soundtrack der Metropole Ruhr erklingen.<\/p>\n\n<p>In der aktuellen Besetzung spielen MusikerInnen zusammen, die ihre kulturellen Wurzeln in Deutschland, der T\u00fcrkei, dem Iran, Tunesien und dem Irak haben. Ein Dutzend virtuose Solisten bilden einen vielfarbig schillernden gemeinsamen Klangk\u00f6rper.<\/p>\n\n<p>Santur, Oud, Nay und Darbuka im kreativen Dialog mit Bigband-Bl\u00e4sers\u00e4tzen, Gitarre, Bass, Violine, Schlagzeug und Percussion, erweitert durch arabischen und t\u00fcrkischen Gesang.<\/p>\n\n<p>Das Transorient Orchestra l\u00e4sst die Melodien und Rhythmen des Orients mit westlicher Harmonik und jazziger Improvisation zu vielf\u00e4ltigen und spannenden Verbindungen verschmelzen.<\/p>\n\n<p>Orient und Okzident in einzigartiger musikalischer Synthese &#8211; intellektuell begeisternd und emotional ber\u00fchrend.<\/p>\n\n<p>Seit 2003 bereichert das Transorient Orchestra unter der Leitung von Andreas Heuser die Musikszene im Ruhrgebiet und weit dar\u00fcber hinaus.<\/p>\n\n<p>Das Transorient Orchestra ist WDR Jazzpreistr\u00e4ger 2017 in der Kategorie Musikkulturen.<\/p>\n\n<p>Das TRANSORIENT ORCHESTRA tritt in der Regel mit 13 MusikerInnen auf. Es finden auch Auftritte in kleinerer Besetzung als TRANSORIENT ENSEMBLE statt. Zur Besetzung geh\u00f6ren:<\/p>\n\n<p><a href=\"https:\/\/www.andreasheuser.com\" target=\"_blank\" rel=\"noopener\">Andreas Heuser<\/a> &#8211; Gitarre, Violine \/ Nikola Seegers &#8211; Sopransaxofon, Gesang \/ <a href=\"https:\/\/rageedwilliam.com\" target=\"_blank\" rel=\"noopener\">Rageed William<\/a> &#8211; Nay, Duduk \/\u00a0<\/p>\n\n<p>Yavuz Duman &#8211; Trompete, Fl\u00fcgelhorn \/ Catrin Groth &#8211; Baritonsaxofon \/ Kazim Calisgan &#8211; Kopuz, Percussion, Gesang \/\u00a0<\/p>\n\n<p>Sahbi Amara &#8211; Oud, Gesang \/ <a href=\"https:\/\/kioomars-musayyebi.com\/en\/\">Kioomars Musayyebi<\/a> &#8211; Santur \/ <a href=\"https:\/\/www.antjevetter.de\" target=\"_blank\" rel=\"noopener\">Antje Vetter<\/a> &#8211; Violine \/ <a href=\"https:\/\/jenspollheide.wordpress.com\" target=\"_blank\" rel=\"noopener\">Jens Pollheide<\/a> &#8211; Bass, Kaval, Querfl\u00f6te \/\u00a0<\/p>\n\n<p>Fethi Ak &#8211; Darbuka, Bendir \/ <a href=\"https:\/\/www.benny-mokross.de\/wp\/\" target=\"_blank\" rel=\"noopener\">Benny Mokross<\/a> &#8211; Schlagzeug, Percussion \/ Volker Sipplie &#8211; Schlagzeug, Percussion<\/p>\n\n<figure class=\"wp-block-embed is-type-rich is-provider-spotify wp-block-embed-spotify wp-embed-aspect-21-9 wp-has-aspect-ratio\"><\/figure>\n\n<p>\u00a0<\/p>\n\t\t\t\t\t\t\t\t<\/div>\n\t\t\t\t\t<\/div>\n\t\t\t\t<\/div>\n\t\t<div class=\"elementor-element elementor-element-adbf558 e-flex e-con-boxed e-con e-parent\" data-id=\"adbf558\" data-element_type=\"container\" data-e-type=\"container\">\n\t\t\t\t\t<div class=\"e-con-inner\">\n\t\t\t\t<div class=\"elementor-element elementor-element-57b5920 elementor-align-center elementor-widget elementor-widget-button\" data-id=\"57b5920\" data-element_type=\"widget\" data-e-type=\"widget\" data-widget_type=\"button.default\">\n\t\t\t\t\t\t\t\t\t\t<a class=\"elementor-button elementor-button-link elementor-size-sm\" href=\"https:\/\/www.andreasheuser.com\/transorient-orchestra.html\">\n\t\t\t\t\t\t<span class=\"elementor-button-content-wrapper\">\n\t\t\t\t\t\t\t\t\t<span class=\"elementor-button-text\">More info <\/span>\n\t\t\t\t\t<\/span>\n\t\t\t\t\t<\/a>\n\t\t\t\t\t\t\t\t<\/div>\n\t\t\t\t\t<\/div>\n\t\t\t\t<\/div>\n\t\t<div class=\"elementor-element elementor-element-6b0d187 e-flex e-con-boxed e-con e-parent\" data-id=\"6b0d187\" data-element_type=\"container\" data-e-type=\"container\">\n\t\t\t\t\t<div class=\"e-con-inner\">\n\t\t\t\t<div class=\"elementor-element elementor-element-fd06120 elementor-shape-rounded elementor-grid-0 e-grid-align-center elementor-widget elementor-widget-social-icons\" data-id=\"fd06120\" data-element_type=\"widget\" data-e-type=\"widget\" data-widget_type=\"social-icons.default\">\n\t\t\t\t\t\t\t<div class=\"elementor-social-icons-wrapper elementor-grid\" role=\"list\">\n\t\t\t\t\t\t\t<span class=\"elementor-grid-item\" role=\"listitem\">\n\t\t\t\t\t<a class=\"elementor-icon elementor-social-icon elementor-social-icon-facebook elementor-repeater-item-3c9111e\" href=\"https:\/\/www.facebook.com\/TransorientOrchestra\" target=\"_blank\">\n\t\t\t\t\t\t<span class=\"elementor-screen-only\">Facebook<\/span>\n\t\t\t\t\t\t<svg aria-hidden=\"true\" class=\"e-font-icon-svg e-fab-facebook\" viewbox=\"0 0 512 512\" xmlns=\"http:\/\/www.w3.org\/2000\/svg\"><path d=\"M504 256C504 119 393 8 256 8S8 119 8 256c0 123.78 90.69 226.38 209.25 245V327.69h-63V256h63v-54.64c0-62.15 37-96.48 93.67-96.48 27.14 0 55.52 4.84 55.52 4.84v61h-31.28c-30.8 0-40.41 19.12-40.41 38.73V256h68.78l-11 71.69h-57.78V501C413.31 482.38 504 379.78 504 256z\"><\/path><\/svg>\t\t\t\t\t<\/a>\n\t\t\t\t<\/span>\n\t\t\t\t\t\t\t<span class=\"elementor-grid-item\" role=\"listitem\">\n\t\t\t\t\t<a class=\"elementor-icon elementor-social-icon elementor-social-icon-youtube elementor-repeater-item-7ade316\" href=\"https:\/\/www.youtube.com\/@TransorientOrchestra\" target=\"_blank\">\n\t\t\t\t\t\t<span class=\"elementor-screen-only\">Youtube<\/span>\n\t\t\t\t\t\t<svg aria-hidden=\"true\" class=\"e-font-icon-svg e-fab-youtube\" viewbox=\"0 0 576 512\" xmlns=\"http:\/\/www.w3.org\/2000\/svg\"><path d=\"M549.655 124.083c-6.281-23.65-24.787-42.276-48.284-48.597C458.781 64 288 64 288 64S117.22 64 74.629 75.486c-23.497 6.322-42.003 24.947-48.284 48.597-11.412 42.867-11.412 132.305-11.412 132.305s0 89.438 11.412 132.305c6.281 23.65 24.787 41.5 48.284 47.821C117.22 448 288 448 288 448s170.78 0 213.371-11.486c23.497-6.321 42.003-24.171 48.284-47.821 11.412-42.867 11.412-132.305 11.412-132.305s0-89.438-11.412-132.305zm-317.51 213.508V175.185l142.739 81.205-142.739 81.201z\"><\/path><\/svg>\t\t\t\t\t<\/a>\n\t\t\t\t<\/span>\n\t\t\t\t\t\t\t<span class=\"elementor-grid-item\" role=\"listitem\">\n\t\t\t\t\t<a class=\"elementor-icon elementor-social-icon elementor-social-icon-instagram elementor-repeater-item-61fee0f\" href=\"https:\/\/www.instagram.com\/transorient_orchestra\/\" target=\"_blank\">\n\t\t\t\t\t\t<span class=\"elementor-screen-only\">Instagram<\/span>\n\t\t\t\t\t\t<svg aria-hidden=\"true\" class=\"e-font-icon-svg e-fab-instagram\" viewbox=\"0 0 448 512\" xmlns=\"http:\/\/www.w3.org\/2000\/svg\"><path d=\"M224.1 141c-63.6 0-114.9 51.3-114.9 114.9s51.3 114.9 114.9 114.9S339 319.5 339 255.9 287.7 141 224.1 141zm0 189.6c-41.1 0-74.7-33.5-74.7-74.7s33.5-74.7 74.7-74.7 74.7 33.5 74.7 74.7-33.6 74.7-74.7 74.7zm146.4-194.3c0 14.9-12 26.8-26.8 26.8-14.9 0-26.8-12-26.8-26.8s12-26.8 26.8-26.8 26.8 12 26.8 26.8zm76.1 27.2c-1.7-35.9-9.9-67.7-36.2-93.9-26.2-26.2-58-34.4-93.9-36.2-37-2.1-147.9-2.1-184.9 0-35.8 1.7-67.6 9.9-93.9 36.1s-34.4 58-36.2 93.9c-2.1 37-2.1 147.9 0 184.9 1.7 35.9 9.9 67.7 36.2 93.9s58 34.4 93.9 36.2c37 2.1 147.9 2.1 184.9 0 35.9-1.7 67.7-9.9 93.9-36.2 26.2-26.2 34.4-58 36.2-93.9 2.1-37 2.1-147.8 0-184.8zM398.8 388c-7.8 19.6-22.9 34.7-42.6 42.6-29.5 11.7-99.5 9-132.1 9s-102.7 2.6-132.1-9c-19.6-7.8-34.7-22.9-42.6-42.6-11.7-29.5-9-99.5-9-132.1s-2.6-102.7 9-132.1c7.8-19.6 22.9-34.7 42.6-42.6 29.5-11.7 99.5-9 132.1-9s102.7-2.6 132.1 9c19.6 7.8 34.7 22.9 42.6 42.6 11.7 29.5 9 99.5 9 132.1s2.7 102.7-9 132.1z\"><\/path><\/svg>\t\t\t\t\t<\/a>\n\t\t\t\t<\/span>\n\t\t\t\t\t<\/div>\n\t\t\t\t\t\t<\/div>\n\t\t\t\t\t<\/div>\n\t\t\t\t<\/div>\n\t\t<div class=\"elementor-element elementor-element-73b4427 e-flex e-con-boxed e-con e-parent\" data-id=\"73b4427\" data-element_type=\"container\" data-e-type=\"container\">\n\t\t\t\t\t<div class=\"e-con-inner\">\n\t\t<div class=\"elementor-element elementor-element-a868604 e-con-full e-flex e-con e-child\" data-id=\"a868604\" data-element_type=\"container\" data-e-type=\"container\">\n\t\t\t\t<div class=\"elementor-element elementor-element-8b52508 elementor-widget elementor-widget-video\" data-id=\"8b52508\" data-element_type=\"widget\" data-e-type=\"widget\" data-settings=\"{&quot;youtube_url&quot;:&quot;https:\\\/\\\/www.youtube.com\\\/watch?v=vRcoOkKtMYA&quot;,&quot;lazy_load&quot;:&quot;yes&quot;,&quot;video_type&quot;:&quot;youtube&quot;,&quot;controls&quot;:&quot;yes&quot;}\" data-widget_type=\"video.default\">\n\t\t\t\t\t\t\t<div class=\"elementor-wrapper elementor-open-inline\">\n\t\t\t<div class=\"elementor-video\"><\/div>\t\t<\/div>\n\t\t\t\t\t\t<\/div>\n\t\t\t\t<\/div>\n\t\t<div class=\"elementor-element elementor-element-7589d62 e-con-full e-flex e-con e-child\" data-id=\"7589d62\" data-element_type=\"container\" data-e-type=\"container\">\n\t\t\t\t<div class=\"elementor-element elementor-element-e5503e9 elementor-widget elementor-widget-video\" data-id=\"e5503e9\" data-element_type=\"widget\" data-e-type=\"widget\" data-settings=\"{&quot;youtube_url&quot;:&quot;https:\\\/\\\/www.youtube.com\\\/watch?v=EY5pt_U_xMA&quot;,&quot;lazy_load&quot;:&quot;yes&quot;,&quot;video_type&quot;:&quot;youtube&quot;,&quot;controls&quot;:&quot;yes&quot;}\" data-widget_type=\"video.default\">\n\t\t\t\t\t\t\t<div class=\"elementor-wrapper elementor-open-inline\">\n\t\t\t<div class=\"elementor-video\"><\/div>\t\t<\/div>\n\t\t\t\t\t\t<\/div>\n\t\t\t\t<\/div>\n\t\t<div class=\"elementor-element elementor-element-b3f159d e-con-full e-flex e-con e-child\" data-id=\"b3f159d\" data-element_type=\"container\" data-e-type=\"container\">\n\t\t\t\t<div class=\"elementor-element elementor-element-f08d737 elementor-widget elementor-widget-shortcode\" data-id=\"f08d737\" data-element_type=\"widget\" data-e-type=\"widget\" data-widget_type=\"shortcode.default\">\n\t\t\t\t\t\t\t<div class=\"elementor-shortcode\"><iframe data-testid=\"embed-iframe\" style=\"border-radius:12px\" src=\"https:\/\/open.spotify.com\/embed\/artist\/6r2GSguUrxFigtbwhggHNw?utm_source=generator\" width=\"100%\" height=\"352\" frameborder=\"0\" allowfullscreen=\"\" allow=\"autoplay; clipboard-write; encrypted-media; fullscreen; picture-in-picture\" loading=\"lazy\"><\/iframe><\/div>\n\t\t\t\t\t\t<\/div>\n\t\t\t\t<\/div>\n\t\t\t\t\t<\/div>\n\t\t\t\t<\/div>\n\t\t\t\t<\/div>","protected":false},"excerpt":{"rendered":"<p>Transorient Orchestra Das Transorient Orchestra l\u00e4sst den transkulturellen Soundtrack der Metropole Ruhr erklingen. In der aktuellen Besetzung spielen MusikerInnen zusammen, die ihre kulturellen Wurzeln in Deutschland, der T\u00fcrkei, dem Iran, Tunesien und dem Irak haben. Ein Dutzend virtuose Solisten bilden einen vielfarbig schillernden gemeinsamen Klangk\u00f6rper. Santur, Oud, Nay und Darbuka im kreativen Dialog mit Bigband-Bl\u00e4sers\u00e4tzen, [&hellip;]<\/p>\n","protected":false},"author":1,"featured_media":0,"parent":17,"menu_order":0,"comment_status":"closed","ping_status":"closed","template":"","meta":{"om_disable_all_campaigns":false,"_monsterinsights_skip_tracking":false,"_monsterinsights_sitenote_active":false,"_monsterinsights_sitenote_note":"","_monsterinsights_sitenote_category":0,"site-sidebar-layout":"default","site-content-layout":"","ast-site-content-layout":"default","site-content-style":"default","site-sidebar-style":"default","ast-global-header-display":"","ast-banner-title-visibility":"","ast-main-header-display":"","ast-hfb-above-header-display":"","ast-hfb-below-header-display":"","ast-hfb-mobile-header-display":"","site-post-title":"disabled","ast-breadcrumbs-content":"","ast-featured-img":"","footer-sml-layout":"","ast-disable-related-posts":"","theme-transparent-header-meta":"","adv-header-id-meta":"","stick-header-meta":"","header-above-stick-meta":"","header-main-stick-meta":"","header-below-stick-meta":"","astra-migrate-meta-layouts":"set","ast-page-background-enabled":"default","ast-page-background-meta":{"desktop":{"background-color":"","background-image":"","background-repeat":"repeat","background-position":"center center","background-size":"auto","background-attachment":"scroll","background-type":"","background-media":"","overlay-type":"","overlay-color":"","overlay-opacity":"","overlay-gradient":""},"tablet":{"background-color":"","background-image":"","background-repeat":"repeat","background-position":"center center","background-size":"auto","background-attachment":"scroll","background-type":"","background-media":"","overlay-type":"","overlay-color":"","overlay-opacity":"","overlay-gradient":""},"mobile":{"background-color":"","background-image":"","background-repeat":"repeat","background-position":"center center","background-size":"auto","background-attachment":"scroll","background-type":"","background-media":"","overlay-type":"","overlay-color":"","overlay-opacity":"","overlay-gradient":""}},"ast-content-background-meta":{"desktop":{"background-color":"var(--ast-global-color-5)","background-image":"","background-repeat":"repeat","background-position":"center center","background-size":"auto","background-attachment":"scroll","background-type":"","background-media":"","overlay-type":"","overlay-color":"","overlay-opacity":"","overlay-gradient":""},"tablet":{"background-color":"var(--ast-global-color-5)","background-image":"","background-repeat":"repeat","background-position":"center center","background-size":"auto","background-attachment":"scroll","background-type":"","background-media":"","overlay-type":"","overlay-color":"","overlay-opacity":"","overlay-gradient":""},"mobile":{"background-color":"var(--ast-global-color-5)","background-image":"","background-repeat":"repeat","background-position":"center center","background-size":"auto","background-attachment":"scroll","background-type":"","background-media":"","overlay-type":"","overlay-color":"","overlay-opacity":"","overlay-gradient":""}},"footnotes":""},"class_list":["post-62","page","type-page","status-publish","hentry"],"aioseo_notices":[],"_links":{"self":[{"href":"https:\/\/kioomars-musayyebi.com\/en\/wp-json\/wp\/v2\/pages\/62","targetHints":{"allow":["GET"]}}],"collection":[{"href":"https:\/\/kioomars-musayyebi.com\/en\/wp-json\/wp\/v2\/pages"}],"about":[{"href":"https:\/\/kioomars-musayyebi.com\/en\/wp-json\/wp\/v2\/types\/page"}],"author":[{"embeddable":true,"href":"https:\/\/kioomars-musayyebi.com\/en\/wp-json\/wp\/v2\/users\/1"}],"replies":[{"embeddable":true,"href":"https:\/\/kioomars-musayyebi.com\/en\/wp-json\/wp\/v2\/comments?post=62"}],"version-history":[{"count":0,"href":"https:\/\/kioomars-musayyebi.com\/en\/wp-json\/wp\/v2\/pages\/62\/revisions"}],"up":[{"embeddable":true,"href":"https:\/\/kioomars-musayyebi.com\/en\/wp-json\/wp\/v2\/pages\/17"}],"wp:attachment":[{"href":"https:\/\/kioomars-musayyebi.com\/en\/wp-json\/wp\/v2\/media?parent=62"}],"curies":[{"name":"wp","href":"https:\/\/api.w.org\/{rel}","templated":true}]}}