{"id":45,"date":"2016-02-21T21:36:07","date_gmt":"2016-02-21T21:36:07","guid":{"rendered":"http:\/\/kioomars-musayyebi.com\/?page_id=45"},"modified":"2025-08-26T13:02:37","modified_gmt":"2025-08-26T13:02:37","slug":"impressum","status":"publish","type":"page","link":"https:\/\/kioomars-musayyebi.com\/en\/impressum\/","title":{"rendered":"Impressum"},"content":{"rendered":"<p style=\"text-align: center;\">Kioomars Musayyebi<\/p>\n<p style=\"text-align: center;\">Stiftbusch 8, 45134<br \/>\nDeutschland-Essen<\/p>\n<p style=\"text-align: center;\">+49-176 326937 95<\/p>\n<p style=\"text-align: center;\">Verantwortlich f\u00fcr den Inhalt der Seiten: Kioomars Musayyebi<\/p>\n<p style=\"text-align: center;\">Nutzungsbedingungen:<br \/>\nKioomars Musayyebi hat den Inhalt dieser Website sorgf\u00e4ltig und nach aktuellem Erkenntnisstand zusammengestellt. Der Zugang und die Benutzung dieser und damit verbundener oder durch Links verkn\u00fcpfter Websites erfolgt auf eigene Gefahr des Benutzers. Schadensersatzforderungen und M\u00e4ngelanspr\u00fcche aufgrund fehlender oder falscher Angaben sind ausgeschlossen. Kioomars Musayyebi ist nicht verantwortlich und \u00fcbernimmt keine Haftung f\u00fcr Sch\u00e4den jeder Art, auch f\u00fcr indirekte oder Folgesch\u00e4den, die durch den Zugang oder die Benutzung dieser Website oder damit verbundener oder durch Links verkn\u00fcpfter Websites aufgetreten sind. F\u00fcr den Inhalt der Websites (insbes. f\u00fcr Informationen, Materialien, Programme, Musik) ist, soweit nicht anders gekennzeichnet, Kioomars Musayyebi alleiniger Inhaber aller Nutzungsrechte (au\u00dfer f\u00fcr Inhalte verkn\u00fcpfter Links von Dritten). Es ist nicht gestattet, die auf den Websites ver\u00f6ffentlichten und gesch\u00fctzten Inhalte ohne schriftliche Genehmigung von Kioomars Musayyebi in andere Programme oder andere Websites zu \u00fcbernehmen oder auf andere Weise zu nutzen.<\/p>","protected":false},"excerpt":{"rendered":"<p>Kioomars Musayyebi Stiftbusch 8, 45134 Deutschland-Essen +49-176 326937 95 Verantwortlich f\u00fcr den Inhalt der Seiten: Kioomars Musayyebi Nutzungsbedingungen: Kioomars Musayyebi hat den Inhalt dieser Website sorgf\u00e4ltig und nach aktuellem Erkenntnisstand zusammengestellt. Der Zugang und die Benutzung dieser und damit verbundener oder durch Links verkn\u00fcpfter Websites erfolgt auf eigene Gefahr des Benutzers. Schadensersatzforderungen und M\u00e4ngelanspr\u00fcche aufgrund [&hellip;]<\/p>\n","protected":false},"author":1,"featured_media":0,"parent":0,"menu_order":0,"comment_status":"closed","ping_status":"closed","template":"","meta":{"om_disable_all_campaigns":false,"_monsterinsights_skip_tracking":false,"_monsterinsights_sitenote_active":false,"_monsterinsights_sitenote_note":"","_monsterinsights_sitenote_category":0,"site-sidebar-layout":"default","site-content-layout":"","ast-site-content-layout":"default","site-content-style":"default","site-sidebar-style":"default","ast-global-header-display":"","ast-banner-title-visibility":"","ast-main-header-display":"","ast-hfb-above-header-display":"","ast-hfb-below-header-display":"","ast-hfb-mobile-header-display":"","site-post-title":"","ast-breadcrumbs-content":"","ast-featured-img":"","footer-sml-layout":"","ast-disable-related-posts":"","theme-transparent-header-meta":"","adv-header-id-meta":"","stick-header-meta":"","header-above-stick-meta":"","header-main-stick-meta":"","header-below-stick-meta":"","astra-migrate-meta-layouts":"set","ast-page-background-enabled":"default","ast-page-background-meta":{"desktop":{"background-color":"","background-image":"","background-repeat":"repeat","background-position":"center center","background-size":"auto","background-attachment":"scroll","background-type":"","background-media":"","overlay-type":"","overlay-color":"","overlay-opacity":"","overlay-gradient":""},"tablet":{"background-color":"","background-image":"","background-repeat":"repeat","background-position":"center center","background-size":"auto","background-attachment":"scroll","background-type":"","background-media":"","overlay-type":"","overlay-color":"","overlay-opacity":"","overlay-gradient":""},"mobile":{"background-color":"","background-image":"","background-repeat":"repeat","background-position":"center center","background-size":"auto","background-attachment":"scroll","background-type":"","background-media":"","overlay-type":"","overlay-color":"","overlay-opacity":"","overlay-gradient":""}},"ast-content-background-meta":{"desktop":{"background-color":"var(--ast-global-color-5)","background-image":"","background-repeat":"repeat","background-position":"center center","background-size":"auto","background-attachment":"scroll","background-type":"","background-media":"","overlay-type":"","overlay-color":"","overlay-opacity":"","overlay-gradient":""},"tablet":{"background-color":"var(--ast-global-color-5)","background-image":"","background-repeat":"repeat","background-position":"center center","background-size":"auto","background-attachment":"scroll","background-type":"","background-media":"","overlay-type":"","overlay-color":"","overlay-opacity":"","overlay-gradient":""},"mobile":{"background-color":"var(--ast-global-color-5)","background-image":"","background-repeat":"repeat","background-position":"center center","background-size":"auto","background-attachment":"scroll","background-type":"","background-media":"","overlay-type":"","overlay-color":"","overlay-opacity":"","overlay-gradient":""}},"footnotes":""},"class_list":["post-45","page","type-page","status-publish","hentry"],"aioseo_notices":[],"_links":{"self":[{"href":"https:\/\/kioomars-musayyebi.com\/en\/wp-json\/wp\/v2\/pages\/45","targetHints":{"allow":["GET"]}}],"collection":[{"href":"https:\/\/kioomars-musayyebi.com\/en\/wp-json\/wp\/v2\/pages"}],"about":[{"href":"https:\/\/kioomars-musayyebi.com\/en\/wp-json\/wp\/v2\/types\/page"}],"author":[{"embeddable":true,"href":"https:\/\/kioomars-musayyebi.com\/en\/wp-json\/wp\/v2\/users\/1"}],"replies":[{"embeddable":true,"href":"https:\/\/kioomars-musayyebi.com\/en\/wp-json\/wp\/v2\/comments?post=45"}],"version-history":[{"count":0,"href":"https:\/\/kioomars-musayyebi.com\/en\/wp-json\/wp\/v2\/pages\/45\/revisions"}],"wp:attachment":[{"href":"https:\/\/kioomars-musayyebi.com\/en\/wp-json\/wp\/v2\/media?parent=45"}],"curies":[{"name":"wp","href":"https:\/\/api.w.org\/{rel}","templated":true}]}}