{"id":1500,"date":"2021-10-04T09:35:57","date_gmt":"2021-10-04T09:35:57","guid":{"rendered":"https:\/\/kioomars-musayyebi.com\/?page_id=1500"},"modified":"2025-09-03T20:45:54","modified_gmt":"2025-09-03T20:45:54","slug":"orchester-der-kulturen","status":"publish","type":"page","link":"https:\/\/kioomars-musayyebi.com\/en\/projekte\/orchester-der-kulturen\/","title":{"rendered":"\u00d8RCH\u00caSTER DER KULTURE\u00d1"},"content":{"rendered":"<h2 class=\"wp-block-heading has-text-align-center\"><a href=\"https:\/\/worldsymphony.org\" target=\"_blank\" rel=\"noopener\" title=\"\">\u00d8RCH\u00caSTER DER KULTURE\u00d1<\/a><\/h2>\n\n\n\n<p>Das einzige Orchester mit Instrumenten und S\u00e4ngern aus aller Welt. Genie\u00dfe den einzigartigen Sound dieses besonderen Klangk\u00f6rpers. Eine einzigartige Reise zwischen Eine sinfonischer&nbsp; Filmmusik, Weltmusik und Pop.<\/p>\n\n\n\n<p>Bekannt aus dem Hessischen Rundfunk, SWR und Bibel TV. Mit dem Album &#8222;Sch\u00f6n ist die Welt&#8220; 3x auf Platz 1 der Deutschen Klassikcharts 2016.<br>Mit den Folgealben &#8222;Du bist meine Seele, singe &#8220; und &#8222;Ein Stern geht aus&#8220; mit Jay Alexander als Solist auf Platz 4 der Deutschen Klassikcharts 2018 und 2019.<\/p>\n\n\n\n<p><a href=\"https:\/\/www.orchesterderkulturen.de\" target=\"_blank\" rel=\"noopener\" title=\"\">https:\/\/www.orchesterderkulturen.de<\/a><\/p>\n\n\n\n<hr class=\"wp-block-separator has-alpha-channel-opacity is-style-wide\"\/>\n\n\n\n<div style=\"height:34px\" aria-hidden=\"true\" class=\"wp-block-spacer\"><\/div>","protected":false},"excerpt":{"rendered":"<p>\u00d8RCH\u00caSTER DER KULTURE\u00d1 Das einzige Orchester mit Instrumenten und S\u00e4ngern aus aller Welt. Genie\u00dfe den einzigartigen Sound dieses besonderen Klangk\u00f6rpers. Eine einzigartige Reise zwischen Eine sinfonischer&nbsp; Filmmusik, Weltmusik und Pop. Bekannt aus dem Hessischen Rundfunk, SWR und Bibel TV. Mit dem Album &#8222;Sch\u00f6n ist die Welt&#8220; 3x auf Platz 1 der Deutschen Klassikcharts 2016.Mit den [&hellip;]<\/p>\n","protected":false},"author":1,"featured_media":0,"parent":17,"menu_order":0,"comment_status":"closed","ping_status":"closed","template":"","meta":{"site-sidebar-layout":"default","site-content-layout":"","ast-site-content-layout":"default","site-content-style":"default","site-sidebar-style":"default","ast-global-header-display":"","ast-banner-title-visibility":"","ast-main-header-display":"","ast-hfb-above-header-display":"","ast-hfb-below-header-display":"","ast-hfb-mobile-header-display":"","site-post-title":"","ast-breadcrumbs-content":"","ast-featured-img":"","footer-sml-layout":"","ast-disable-related-posts":"","theme-transparent-header-meta":"","adv-header-id-meta":"","stick-header-meta":"","header-above-stick-meta":"","header-main-stick-meta":"","header-below-stick-meta":"","astra-migrate-meta-layouts":"set","ast-page-background-enabled":"default","ast-page-background-meta":{"desktop":{"background-color":"","background-image":"","background-repeat":"repeat","background-position":"center center","background-size":"auto","background-attachment":"scroll","background-type":"","background-media":"","overlay-type":"","overlay-color":"","overlay-opacity":"","overlay-gradient":""},"tablet":{"background-color":"","background-image":"","background-repeat":"repeat","background-position":"center center","background-size":"auto","background-attachment":"scroll","background-type":"","background-media":"","overlay-type":"","overlay-color":"","overlay-opacity":"","overlay-gradient":""},"mobile":{"background-color":"","background-image":"","background-repeat":"repeat","background-position":"center center","background-size":"auto","background-attachment":"scroll","background-type":"","background-media":"","overlay-type":"","overlay-color":"","overlay-opacity":"","overlay-gradient":""}},"ast-content-background-meta":{"desktop":{"background-color":"var(--ast-global-color-5)","background-image":"","background-repeat":"repeat","background-position":"center center","background-size":"auto","background-attachment":"scroll","background-type":"","background-media":"","overlay-type":"","overlay-color":"","overlay-opacity":"","overlay-gradient":""},"tablet":{"background-color":"var(--ast-global-color-5)","background-image":"","background-repeat":"repeat","background-position":"center center","background-size":"auto","background-attachment":"scroll","background-type":"","background-media":"","overlay-type":"","overlay-color":"","overlay-opacity":"","overlay-gradient":""},"mobile":{"background-color":"var(--ast-global-color-5)","background-image":"","background-repeat":"repeat","background-position":"center center","background-size":"auto","background-attachment":"scroll","background-type":"","background-media":"","overlay-type":"","overlay-color":"","overlay-opacity":"","overlay-gradient":""}},"footnotes":""},"class_list":["post-1500","page","type-page","status-publish","hentry"],"aioseo_notices":[],"_links":{"self":[{"href":"https:\/\/kioomars-musayyebi.com\/en\/wp-json\/wp\/v2\/pages\/1500","targetHints":{"allow":["GET"]}}],"collection":[{"href":"https:\/\/kioomars-musayyebi.com\/en\/wp-json\/wp\/v2\/pages"}],"about":[{"href":"https:\/\/kioomars-musayyebi.com\/en\/wp-json\/wp\/v2\/types\/page"}],"author":[{"embeddable":true,"href":"https:\/\/kioomars-musayyebi.com\/en\/wp-json\/wp\/v2\/users\/1"}],"replies":[{"embeddable":true,"href":"https:\/\/kioomars-musayyebi.com\/en\/wp-json\/wp\/v2\/comments?post=1500"}],"version-history":[{"count":0,"href":"https:\/\/kioomars-musayyebi.com\/en\/wp-json\/wp\/v2\/pages\/1500\/revisions"}],"up":[{"embeddable":true,"href":"https:\/\/kioomars-musayyebi.com\/en\/wp-json\/wp\/v2\/pages\/17"}],"wp:attachment":[{"href":"https:\/\/kioomars-musayyebi.com\/en\/wp-json\/wp\/v2\/media?parent=1500"}],"curies":[{"name":"wp","href":"https:\/\/api.w.org\/{rel}","templated":true}]}}