{"id":13105,"date":"2026-04-20T19:56:10","date_gmt":"2026-04-20T19:56:10","guid":{"rendered":"https:\/\/kioomars-musayyebi.com\/?page_id=13105"},"modified":"2026-04-20T19:59:25","modified_gmt":"2026-04-20T19:59:25","slug":"let-us-agree","status":"publish","type":"page","link":"https:\/\/kioomars-musayyebi.com\/en\/projekte\/let-us-agree\/","title":{"rendered":"Let us Agree"},"content":{"rendered":"<div data-elementor-type=\"wp-page\" data-elementor-id=\"13105\" class=\"elementor elementor-13105\" data-elementor-post-type=\"page\">\n\t\t\t\t<div class=\"elementor-element elementor-element-83c6d5d e-flex e-con-boxed e-con e-parent\" data-id=\"83c6d5d\" data-element_type=\"container\" data-e-type=\"container\">\n\t\t\t\t\t<div class=\"e-con-inner\">\n\t\t\t\t<div class=\"elementor-element elementor-element-60cb283 elementor-widget elementor-widget-heading\" data-id=\"60cb283\" data-element_type=\"widget\" data-e-type=\"widget\" data-widget_type=\"heading.default\">\n\t\t\t\t\t<h4 class=\"elementor-heading-title elementor-size-default\">Let us Agree<\/h4>\t\t\t\t<\/div>\n\t\t\t\t\t<\/div>\n\t\t\t\t<\/div>\n\t\t<div class=\"elementor-element elementor-element-95db013 e-flex e-con-boxed e-con e-parent\" data-id=\"95db013\" data-element_type=\"container\" data-e-type=\"container\">\n\t\t\t\t\t<div class=\"e-con-inner\">\n\t\t\t\t<div class=\"elementor-element elementor-element-203067e elementor-widget elementor-widget-image\" data-id=\"203067e\" data-element_type=\"widget\" data-e-type=\"widget\" data-widget_type=\"image.default\">\n\t\t\t\t\t\t\t\t\t\t\t\t\t\t\t<img fetchpriority=\"high\" decoding=\"async\" width=\"919\" height=\"769\" src=\"https:\/\/kioomars-musayyebi.com\/wp-content\/uploads\/2026\/04\/image0.jpeg\" class=\"attachment-medium_large size-medium_large wp-image-13113\" alt=\"Simone Helle_Let us Agree\" srcset=\"https:\/\/kioomars-musayyebi.com\/wp-content\/uploads\/2026\/04\/image0.jpeg 919w, https:\/\/kioomars-musayyebi.com\/wp-content\/uploads\/2026\/04\/image0-300x251.jpeg 300w, https:\/\/kioomars-musayyebi.com\/wp-content\/uploads\/2026\/04\/image0-150x126.jpeg 150w, https:\/\/kioomars-musayyebi.com\/wp-content\/uploads\/2026\/04\/image0-14x12.jpeg 14w\" sizes=\"(max-width: 919px) 100vw, 919px\" \/>\t\t\t\t\t\t\t\t\t\t\t\t\t\t\t<\/div>\n\t\t\t\t\t<\/div>\n\t\t\t\t<\/div>\n\t\t<div class=\"elementor-element elementor-element-731ee39 e-flex e-con-boxed e-con e-parent\" data-id=\"731ee39\" data-element_type=\"container\" data-e-type=\"container\">\n\t\t\t\t\t<div class=\"e-con-inner\">\n\t\t\t\t<div class=\"elementor-element elementor-element-d4c7f28 elementor-widget elementor-widget-text-editor\" data-id=\"d4c7f28\" data-element_type=\"widget\" data-e-type=\"widget\" data-widget_type=\"text-editor.default\">\n\t\t\t\t\t\t\t\t\t<h6 class=\"p1\" style=\"text-align: center;\">Simone Helle &amp; The L.U.A. Band &#8211; ein inter-kulturelles Klangkunstwerk<\/h6><p class=\"p2\">Simone Helle, in Deutschland aufgewachsene Jazz-S\u00e4ngerin mit deutsch-persischen Wurzeln, pr\u00e4sentiert mit ihrem deutsch-iranischen Ensemble \u201eThe L.U.A. Band\u201c ihr inspirierendes inter-kulturelles Konzert-Projekt LET US AGREE. Das aktuelle Programm des Projektes \u201dLET US AGREE &#8211; Vol. 1&#8243; vereint in seinem Oriental Modern Jazz die musikalischen Welten von Musikern mit verschiedenen kulturellen Hintergr\u00fcnden. Gesang, Santur, Piano, Kontrabass und Tombak nehmen das Publikum mit in zarte, mystisch-sph\u00e4rische, erdige oder rhythmisch-virtuose Klangwelten. Intermezzi aus Soul und Swing werden von den Kompositionen von Kioomars Musayyebi (Santur) und Simone Helle (Gesang) eingerahmt, die den Kern des Programms bilden. Englische Texte wechseln sich ab mit Texten auf Farsi. Zuweilen besteht der Gesang auch ausschlie\u00dflich aus Vokal-Improvisation. Mit dieser Bandbreite von Ausdrucksm\u00f6glichkeiten in den Arrangements wie im Gesang macht das Ensemble verschiedene Emotionen h\u00f6rbar, die uns in Ausnahmesituationen begegnen k\u00f6nnen oder die wir uns als emotionalen R\u00fcckzugsort w\u00fcnschen.<\/p><p style=\"text-align: center;\"><br \/><a href=\"https:\/\/simonehelle.com\/\" target=\"_blank\" rel=\"noopener\">Simone Helle<\/a> (Gesang &amp; Konzept)<br \/><a href=\"https:\/\/kioomars-musayyebi.com\/en\/\" target=\"_blank\" rel=\"noopener\">Kioomars Musayyebi<\/a> (Santur)<br \/>Martin Scholz (Piano)<br \/>Alex Morsey (Kontrabass)<br \/><a href=\"https:\/\/www.rezasamani.com\/aktuell\" target=\"_blank\" rel=\"noopener\">Reza Samani<\/a> (Tombak)<\/p>\t\t\t\t\t\t\t\t<\/div>\n\t\t\t\t\t<\/div>\n\t\t\t\t<\/div>\n\t\t<div class=\"elementor-element elementor-element-e566f7f e-flex e-con-boxed e-con e-parent\" data-id=\"e566f7f\" data-element_type=\"container\" data-e-type=\"container\">\n\t\t\t\t\t<div class=\"e-con-inner\">\n\t\t\t\t<div class=\"elementor-element elementor-element-9ecf8ef elementor-widget elementor-widget-video\" data-id=\"9ecf8ef\" data-element_type=\"widget\" data-e-type=\"widget\" data-settings=\"{&quot;youtube_url&quot;:&quot;youtube.com\\\/watch?v=y69OfyjCaT0&amp;feature=youtu.be&amp;themeRefresh=1&quot;,&quot;lazy_load&quot;:&quot;yes&quot;,&quot;video_type&quot;:&quot;youtube&quot;,&quot;controls&quot;:&quot;yes&quot;}\" data-widget_type=\"video.default\">\n\t\t\t\t\t\t\t<div class=\"elementor-wrapper elementor-open-inline\">\n\t\t\t<div class=\"elementor-video\"><\/div>\t\t<\/div>\n\t\t\t\t\t\t<\/div>\n\t\t\t\t\t<\/div>\n\t\t\t\t<\/div>\n\t\t\t\t<\/div>","protected":false},"excerpt":{"rendered":"<p>Let us Agree Simone Helle &amp; The L.U.A. Band &#8211; ein inter-kulturelles Klangkunstwerk Simone Helle, in Deutschland aufgewachsene Jazz-S\u00e4ngerin mit deutsch-persischen Wurzeln, pr\u00e4sentiert mit ihrem deutsch-iranischen Ensemble \u201eThe L.U.A. Band\u201c ihr inspirierendes inter-kulturelles Konzert-Projekt LET US AGREE. Das aktuelle Programm des Projektes \u201dLET US AGREE &#8211; Vol. 1&#8243; vereint in seinem Oriental Modern Jazz die [&hellip;]<\/p>\n","protected":false},"author":1,"featured_media":0,"parent":17,"menu_order":0,"comment_status":"closed","ping_status":"closed","template":"","meta":{"om_disable_all_campaigns":false,"_monsterinsights_skip_tracking":false,"_monsterinsights_sitenote_active":false,"_monsterinsights_sitenote_note":"","_monsterinsights_sitenote_category":0,"site-sidebar-layout":"no-sidebar","site-content-layout":"page-builder","ast-site-content-layout":"full-width-container","site-content-style":"default","site-sidebar-style":"default","ast-global-header-display":"","ast-banner-title-visibility":"","ast-main-header-display":"","ast-hfb-above-header-display":"","ast-hfb-below-header-display":"","ast-hfb-mobile-header-display":"","site-post-title":"disabled","ast-breadcrumbs-content":"","ast-featured-img":"disabled","footer-sml-layout":"","ast-disable-related-posts":"","theme-transparent-header-meta":"","adv-header-id-meta":"","stick-header-meta":"","header-above-stick-meta":"","header-main-stick-meta":"","header-below-stick-meta":"","astra-migrate-meta-layouts":"set","ast-page-background-enabled":"default","ast-page-background-meta":{"desktop":{"background-color":"","background-image":"","background-repeat":"repeat","background-position":"center center","background-size":"auto","background-attachment":"scroll","background-type":"","background-media":"","overlay-type":"","overlay-color":"","overlay-opacity":"","overlay-gradient":""},"tablet":{"background-color":"","background-image":"","background-repeat":"repeat","background-position":"center center","background-size":"auto","background-attachment":"scroll","background-type":"","background-media":"","overlay-type":"","overlay-color":"","overlay-opacity":"","overlay-gradient":""},"mobile":{"background-color":"","background-image":"","background-repeat":"repeat","background-position":"center center","background-size":"auto","background-attachment":"scroll","background-type":"","background-media":"","overlay-type":"","overlay-color":"","overlay-opacity":"","overlay-gradient":""}},"ast-content-background-meta":{"desktop":{"background-color":"var(--ast-global-color-5)","background-image":"","background-repeat":"repeat","background-position":"center center","background-size":"auto","background-attachment":"scroll","background-type":"","background-media":"","overlay-type":"","overlay-color":"","overlay-opacity":"","overlay-gradient":""},"tablet":{"background-color":"var(--ast-global-color-5)","background-image":"","background-repeat":"repeat","background-position":"center center","background-size":"auto","background-attachment":"scroll","background-type":"","background-media":"","overlay-type":"","overlay-color":"","overlay-opacity":"","overlay-gradient":""},"mobile":{"background-color":"var(--ast-global-color-5)","background-image":"","background-repeat":"repeat","background-position":"center center","background-size":"auto","background-attachment":"scroll","background-type":"","background-media":"","overlay-type":"","overlay-color":"","overlay-opacity":"","overlay-gradient":""}},"footnotes":""},"class_list":["post-13105","page","type-page","status-publish","hentry"],"aioseo_notices":[],"_links":{"self":[{"href":"https:\/\/kioomars-musayyebi.com\/en\/wp-json\/wp\/v2\/pages\/13105","targetHints":{"allow":["GET"]}}],"collection":[{"href":"https:\/\/kioomars-musayyebi.com\/en\/wp-json\/wp\/v2\/pages"}],"about":[{"href":"https:\/\/kioomars-musayyebi.com\/en\/wp-json\/wp\/v2\/types\/page"}],"author":[{"embeddable":true,"href":"https:\/\/kioomars-musayyebi.com\/en\/wp-json\/wp\/v2\/users\/1"}],"replies":[{"embeddable":true,"href":"https:\/\/kioomars-musayyebi.com\/en\/wp-json\/wp\/v2\/comments?post=13105"}],"version-history":[{"count":0,"href":"https:\/\/kioomars-musayyebi.com\/en\/wp-json\/wp\/v2\/pages\/13105\/revisions"}],"up":[{"embeddable":true,"href":"https:\/\/kioomars-musayyebi.com\/en\/wp-json\/wp\/v2\/pages\/17"}],"wp:attachment":[{"href":"https:\/\/kioomars-musayyebi.com\/en\/wp-json\/wp\/v2\/media?parent=13105"}],"curies":[{"name":"wp","href":"https:\/\/api.w.org\/{rel}","templated":true}]}}